{"id":76,"date":"2017-05-11T10:22:10","date_gmt":"2017-05-11T10:22:10","guid":{"rendered":"http:\/\/abencerrajes.com\/?page_id=76"},"modified":"2023-03-03T14:15:17","modified_gmt":"2023-03-03T14:15:17","slug":"76-2","status":"publish","type":"page","link":"https:\/\/abencerrajes.com\/?page_id=76","title":{"rendered":"Abencerrajes de Oro y Plata"},"content":{"rendered":"\n<div class=\"wp-container-1 wp-block-group\"><div class=\"wp-block-group__inner-container\">\n<div class=\"wp-block-columns\">\n<div class=\"wp-block-column\" style=\"flex-basis:100%\">\n<h3><img loading=\"lazy\" class=\"aligncenter size-full wp-image-31\" src=\"https:\/\/abencerrajes.com\/wp-content\/uploads\/2017\/05\/ABENCERRAJES-195x300-e1494497790359.png\" alt=\"\" width=\"100\" height=\"154\" \/><\/h3>\n<h3 style=\"text-align: center;\">\u00a0<\/h3>\n<hr \/>\n<h3 style=\"text-align: left;\">Primer Tr\u00f3 de Honor<\/h3>\n<p style=\"text-align: left;\">Joaqu\u00edn Pacheco Santana.<b>\u2020<\/b><\/p>\n<p style=\"text-align: left;\">Jos\u00e9 Botella Vilaplana.<b>\u2020<\/b><\/p>\n<p style=\"text-align: left;\">Antonio Sirvent Mira.<\/p>\n<p style=\"text-align: left;\">Francisco Pay\u00e1 Mart\u00ed.<\/p>\n<hr \/>\n<h3 style=\"text-align: left;\">Abencerraje de Honor<\/h3>\n<p style=\"text-align: left;\">Antonio Armi\u00f1ana Abad.<b>\u2020<\/b><\/p>\n<p style=\"text-align: left;\">Jos\u00e9 Aura Lucas.<b>\u2020<\/b><\/p>\n<p style=\"text-align: left;\">Rafael Botella Sempere.<b>\u2020<\/b><\/p>\n<p style=\"text-align: left;\">\u00c1ngel LLopis Perez.<b>\u2020<\/b><\/p>\n<p style=\"text-align: left;\">Fernando de Mora Carbonell.<b>\u2020<\/b><\/p>\n<p style=\"text-align: left;\">Jorge P\u00e9rez P\u00e9rez.<b>\u2020<\/b><\/p>\n<p style=\"text-align: left;\">Jos\u00e9 Sanz LLopis.<b>\u2020<\/b><\/p>\n<p style=\"text-align: left;\">Rafael Carbonell Carbonell.<b>\u2020<\/b><\/p>\n<p style=\"text-align: left;\">Abelardo P\u00e9rez Pascual.<b>\u2020<\/b><\/p>\n<p style=\"text-align: left;\">Rafael Bou Aparicio.<b>\u2020<\/b><\/p>\n<p style=\"text-align: left;\">Ram\u00f3n Casta\u00f1er Segura.<b>\u2020<\/b><\/p>\n<p style=\"text-align: left;\">Amando Blanquer Ponsoda.<b>\u2020<\/b><\/p>\n<p style=\"text-align: left;\">Julio Cornelio Richart Mart\u00ednez.<b>\u2020<\/b><\/p>\n<p style=\"text-align: left;\">Santiago Guillem Mataix.<b>\u2020<\/b><\/p>\n<p style=\"text-align: left;\">Rafael Rom\u00e1 Ripoll.<\/p>\n<p style=\"text-align: left;\">Francisco Pay\u00e1 Mart\u00ed.<\/p>\n<p style=\"text-align: left;\">Jos\u00e9 Antonio P\u00e9rez Garc\u00eda.<\/p>\n<hr \/>\n<div class=\"col-md-6\" style=\"text-align: left;\">\n<h3>Abencerrajes de Oro<\/h3>\n<p>Rafael Rom\u00e1 Ripoll.<\/p>\n<p>Francisco Blanes Gisbert.<\/p>\n<p>Francisco Pay\u00e1 Mart\u00ed.<\/p>\n<p>Alejandro Gim\u00e9nez Boronat.<\/p>\n<p>Jorge Sanz Pay\u00e1.<\/p>\n<p>Jos\u00e9 Antonio Sanz Pay\u00e1.<\/p>\n<p>Jos\u00e9 J. Sempere Carbonell.<\/p>\n<p>Enrique Bardisa Catal\u00e0.<\/p>\n<p>Jaime Border\u00e1 Gil.<\/p>\n<p>Jorge Jord\u00e1 Pay\u00e1.<\/p>\n<p>Rafael Molt\u00f3 Llorens.<\/p>\n<p>Jordi Botella Mir\u00f3.<\/p>\n<p>Vicente Carbonell Pastor.<\/p>\n<p>Indalecio Carbonell Pastor.<\/p>\n<p>Josep P\u00e9rez Tom\u00e1s.<\/p>\n<p>Alberto P\u00e9rez Pascual.<\/p>\n<p>Enrique Rodes Pay\u00e1.<\/p>\n<p>Francisco Aznar Jord\u00e1.<\/p>\n<p>Dami\u00e1n Pascual Boixader.<\/p>\n<p>Santiago Guill\u00e9m Pic\u00f3.<\/p>\n<p>Vicente Corb\u00ed Soler.<\/p>\n<p>Rafael Molt\u00f3 Llorens.<\/p>\n<p>Jorge Terol Cervera.<\/p>\n<p>Miguel Ballb\u00e9 Calatayud.<\/p>\n<p>Antonio Sirvent Mira.<\/p>\n<p>Francisco Orts Mah\u00edques.<\/p>\n<p>Juan Sirvent Mira.<\/p>\n<p>Fernando Garc\u00eda Cant\u00f3.<\/p>\n<p>Miguel Rom\u00e1 Ferre.<\/p>\n<p>Antonio Guillem Pic\u00f3.<\/p>\n<\/div>\n<hr \/>\n<h3 style=\"text-align: left;\">Abencerrajes de Plata<\/h3>\n<div class=\"col-md-4\">\n<p style=\"text-align: left;\">Guillermo Berenguer Jord\u00e1.<\/p>\n<p style=\"text-align: left;\">Francisco Aznar Jord\u00e1.<\/p>\n<p style=\"text-align: left;\">Julio Berenguer Jord\u00e1.<\/p>\n<p style=\"text-align: left;\">Antonio Sirvent Mira.<\/p>\n<p style=\"text-align: left;\">Rafael Fom\u00e1 Ferre.<\/p>\n<p style=\"text-align: left;\">Carlos Company Navarro.<\/p>\n<p style=\"text-align: left;\">Miguel Pascual Boixader.<\/p>\n<p style=\"text-align: left;\">Gabriel Rom\u00e1 Ferre.<\/p>\n<p style=\"text-align: left;\">Jorge Company Navarro.<\/p>\n<p style=\"text-align: left;\">Pablo Pay\u00e1 guillem.<\/p>\n<p style=\"text-align: left;\">Juan Antonio Ferr\u00e1ndiz Guillem.<\/p>\n<p style=\"text-align: left;\">Eduardo Botella Poveda.<\/p>\n<p style=\"text-align: left;\">Amancio Amaro Varela<\/p>\n<p style=\"text-align: left;\">Tob\u00edas Pl\u00e1 Ferrando.<\/p>\n<p style=\"text-align: left;\">Joaqu\u00edn Balaguer Faus.<\/p>\n<p style=\"text-align: left;\">Pedro Lu\u00eds Estevan Molt\u00f3.<\/p>\n<p style=\"text-align: left;\">Francisco Masi\u00e1 Esteve.<\/p>\n<p style=\"text-align: left;\">Jose Vicente Juan P\u00e9rez.<\/p>\n<p style=\"text-align: left;\">Jose Antonio P\u00e9rez Garc\u00eda.<\/p>\n<p style=\"text-align: left;\">Alfonso Valor Vicent.<\/p>\n<p style=\"text-align: left;\">Fco. Jos\u00e9 Rodes Gisbert.<\/p>\n<p style=\"text-align: left;\">Francisco Soler Jord\u00e1.<\/p>\n<p style=\"text-align: left;\">Jorge Carbonell Gisbert.<\/p>\n<p style=\"text-align: left;\">Jos\u00e9 Antonio P\u00e9rez Garc\u00eda.<\/p>\n<p style=\"text-align: left;\">Jos\u00e9 Antonio Rubio Fuentes.<\/p>\n<p style=\"text-align: left;\">Juan Balaguer Masi\u00e1.<\/p>\n<p style=\"text-align: left;\">Francisco Blanes\u00a0Nules.<\/p>\n<p style=\"text-align: left;\">Eduardo Blanes Nules.<\/p>\n<p style=\"text-align: left;\">Marcelo Bengoechea Cantos.<\/p>\n<p style=\"text-align: left;\">Rafael Bou P\u00e9rez.<\/p>\n<p style=\"text-align: left;\">Rafael Vicedo Meli\u00e1.<\/p>\n<p style=\"text-align: left;\">Evaristo Grau Alario.<\/p>\n<p style=\"text-align: left;\">Jorge Blanes Nules.<\/p>\n<p style=\"text-align: left;\">Juan Antonio Blanquer Va\u00f1\u00f3.<\/p>\n<p style=\"text-align: left;\">Vicente Arques Tebar.<\/p>\n<p style=\"text-align: left;\">V\u00edctor Dom\u00e9nech Hell\u00edn.<\/p>\n<p style=\"text-align: left;\">Ramon Dom\u00e9nech Dom\u00e9nech.<\/p>\n<p style=\"text-align: left;\">Pedro Estevan Hern\u00e1ndez.<\/p>\n<p style=\"text-align: left;\">Jorge Ll\u00e1cer Gisbert.<\/p>\n<p style=\"text-align: left;\">Jose Mar\u00eda Pay\u00e1 Roque.<\/p>\n<p style=\"text-align: left;\">Roberto Sanch\u00eds Pic\u00f3.<\/p>\n<p style=\"text-align: left;\">Ignacio Garc\u00eda Col\u00f3n de Carvajal.<\/p>\n<p style=\"text-align: left;\">Jorge Manuel Sempere Gos\u00e1lbez.<\/p>\n<p style=\"text-align: left;\">Javier Garc\u00eda Col\u00f3n de Carvajal.<\/p>\n<p style=\"text-align: left;\">Ernesto G\u00f3mez Orts.<\/p>\n<p style=\"text-align: left;\">Jorge Richart Pastor.<\/p>\n<p style=\"text-align: left;\">Juan Mart\u00ednez Linares.<\/p>\n<p style=\"text-align: left;\">Juan Manuel Giner G\u00f3mez.<\/p>\n<p style=\"text-align: left;\">Jos\u00e9 Ram\u00f3n P\u00e9rez \u00dabeda.<\/p>\n<p style=\"text-align: left;\">Pablo Bou Mira.<\/p>\n<p style=\"text-align: left;\">Miquel P\u00e9rez i Jord\u00e1.<\/p>\n<p style=\"text-align: left;\">\u00a0<\/p>\n<\/div>\n<\/div>\n<\/div>\n<\/div><\/div>\n","protected":false},"excerpt":{"rendered":"<p>\u00a0 Primer Tr\u00f3 de Honor Joaqu\u00edn Pacheco Santana.\u2020 Jos\u00e9 Botella Vilaplana.\u2020 Antonio Sirvent Mira. Francisco Pay\u00e1 Mart\u00ed. Abencerraje de Honor Antonio Armi\u00f1ana Abad.\u2020 Jos\u00e9 Aura Lucas.\u2020 Rafael Botella Sempere.\u2020 \u00c1ngel LLopis Perez.\u2020 Fernando de Mora Carbonell.\u2020 Jorge P\u00e9rez P\u00e9rez.\u2020 Jos\u00e9 Sanz LLopis.\u2020 Rafael Carbonell Carbonell.\u2020 Abelardo P\u00e9rez Pascual.\u2020 Rafael Bou Aparicio.\u2020 Ram\u00f3n Casta\u00f1er Segura.\u2020 Amando&hellip; <a class=\"read-more-link\" href=\"https:\/\/abencerrajes.com\/?page_id=76\">Leer M\u00e1s<\/a><\/p>\n","protected":false},"author":1,"featured_media":0,"parent":0,"menu_order":0,"comment_status":"closed","ping_status":"closed","template":"","meta":{"_exactmetrics_skip_tracking":false,"_exactmetrics_sitenote_active":false,"_exactmetrics_sitenote_note":"","_exactmetrics_sitenote_category":0,"jetpack_post_was_ever_published":false},"jetpack_sharing_enabled":true,"jetpack_shortlink":"https:\/\/wp.me\/P8IL24-1e","_links":{"self":[{"href":"https:\/\/abencerrajes.com\/index.php?rest_route=\/wp\/v2\/pages\/76"}],"collection":[{"href":"https:\/\/abencerrajes.com\/index.php?rest_route=\/wp\/v2\/pages"}],"about":[{"href":"https:\/\/abencerrajes.com\/index.php?rest_route=\/wp\/v2\/types\/page"}],"author":[{"embeddable":true,"href":"https:\/\/abencerrajes.com\/index.php?rest_route=\/wp\/v2\/users\/1"}],"replies":[{"embeddable":true,"href":"https:\/\/abencerrajes.com\/index.php?rest_route=%2Fwp%2Fv2%2Fcomments&post=76"}],"version-history":[{"count":20,"href":"https:\/\/abencerrajes.com\/index.php?rest_route=\/wp\/v2\/pages\/76\/revisions"}],"predecessor-version":[{"id":1144,"href":"https:\/\/abencerrajes.com\/index.php?rest_route=\/wp\/v2\/pages\/76\/revisions\/1144"}],"wp:attachment":[{"href":"https:\/\/abencerrajes.com\/index.php?rest_route=%2Fwp%2Fv2%2Fmedia&parent=76"}],"curies":[{"name":"wp","href":"https:\/\/api.w.org\/{rel}","templated":true}]}}