{"id":71,"date":"2017-05-11T10:13:56","date_gmt":"2017-05-11T10:13:56","guid":{"rendered":"http:\/\/abencerrajes.com\/?page_id=71"},"modified":"2025-08-22T05:39:19","modified_gmt":"2025-08-22T05:39:19","slug":"primers-trons","status":"publish","type":"page","link":"https:\/\/abencerrajes.com\/?page_id=71","title":{"rendered":"Primers Trons"},"content":{"rendered":"<h3 style=\"text-align: center;\"><img loading=\"lazy\" class=\"aligncenter size-full wp-image-31\" src=\"https:\/\/abencerrajes.com\/wp-content\/uploads\/2017\/05\/ABENCERRAJES-195x300-e1494497790359.png\" alt=\"\" width=\"100\" height=\"154\" \/><\/h3>\n<hr \/>\n<p style=\"text-align: center;\">Jos\u00e9 Miralles Pastor 1904.<\/p>\n<p style=\"text-align: center;\">Ricardo Miralles Pastor.<\/p>\n<p style=\"text-align: center;\">Francisco Miralles Pastor 1921-1922.<\/p>\n<p style=\"text-align: center;\">Manuel Ll\u00e1cer Juli\u00e1 1923-1925.<\/p>\n<p style=\"text-align: center;\">Rafael Pascual Aznar 1926-1931.<\/p>\n<p style=\"text-align: center;\">Indalecio Carbonell Pastor 1939-1948.<\/p>\n<p style=\"text-align: center;\">Manuel Casta\u00f1er Abad 1949-1954.<\/p>\n<p style=\"text-align: center;\">Remigio Cremades Dom\u00e9nech 1955.<\/p>\n<p style=\"text-align: center;\">Jorge P\u00e9rez P\u00e9rez 1971-1976.<\/p>\n<p style=\"text-align: center;\">Jos\u00e9 Botella Vilaplana 1977-1981.<\/p>\n<p style=\"text-align: center;\">Francisco Pay\u00e1 Mart\u00ed 1982-1986.<\/p>\n<p style=\"text-align: center;\">Vicente Corb\u00ed Soler 1987-1989.<\/p>\n<p style=\"text-align: center;\">Julio Cornelio Richart Mart\u00ednez 1990-1995.<\/p>\n<p style=\"text-align: center;\">Rafael Rom\u00e1 Ripoll 1996-1997.<\/p>\n<p style=\"text-align: center;\">Miguel Ballb\u00e9 Calatayud 1998-2000.<\/p>\n<p style=\"text-align: center;\">Indalecio Carbonell Pastor 2001-2004.<\/p>\n<p style=\"text-align: center;\">Francisco Blanes Gisbert 2005-2009.<\/p>\n<p style=\"text-align: center;\">Miguel Ballb\u00e9 Calatayud 2009-2010.<\/p>\n<p style=\"text-align: center;\">Antonio Sirvent Mira 2011-2015.<\/p>\n<p style=\"text-align: center;\">Ignacio Vicedo Jord\u00e1 2015-2022<\/p>\n<p style=\"text-align: center;\">Pepe Sanz Ferr\u00e1ndiz 2022-2025<\/p>\n<p style=\"text-align: center;\">Miguel Ballb\u00e9 Calatayud 2025-<\/p>\n","protected":false},"excerpt":{"rendered":"<p>Jos\u00e9 Miralles Pastor 1904. Ricardo Miralles Pastor. Francisco Miralles Pastor 1921-1922. Manuel Ll\u00e1cer Juli\u00e1 1923-1925. Rafael Pascual Aznar 1926-1931. Indalecio Carbonell Pastor 1939-1948. Manuel Casta\u00f1er Abad 1949-1954. Remigio Cremades Dom\u00e9nech 1955. Jorge P\u00e9rez P\u00e9rez 1971-1976. Jos\u00e9 Botella Vilaplana 1977-1981. Francisco Pay\u00e1 Mart\u00ed 1982-1986. Vicente Corb\u00ed Soler 1987-1989. Julio Cornelio Richart Mart\u00ednez 1990-1995. Rafael Rom\u00e1 Ripoll&hellip; <a class=\"read-more-link\" href=\"https:\/\/abencerrajes.com\/?page_id=71\">Leer M\u00e1s<\/a><\/p>\n","protected":false},"author":1,"featured_media":0,"parent":0,"menu_order":0,"comment_status":"closed","ping_status":"closed","template":"","meta":{"_exactmetrics_skip_tracking":false,"_exactmetrics_sitenote_active":false,"_exactmetrics_sitenote_note":"","_exactmetrics_sitenote_category":0,"jetpack_post_was_ever_published":false},"jetpack_sharing_enabled":true,"jetpack_shortlink":"https:\/\/wp.me\/P8IL24-19","_links":{"self":[{"href":"https:\/\/abencerrajes.com\/index.php?rest_route=\/wp\/v2\/pages\/71"}],"collection":[{"href":"https:\/\/abencerrajes.com\/index.php?rest_route=\/wp\/v2\/pages"}],"about":[{"href":"https:\/\/abencerrajes.com\/index.php?rest_route=\/wp\/v2\/types\/page"}],"author":[{"embeddable":true,"href":"https:\/\/abencerrajes.com\/index.php?rest_route=\/wp\/v2\/users\/1"}],"replies":[{"embeddable":true,"href":"https:\/\/abencerrajes.com\/index.php?rest_route=%2Fwp%2Fv2%2Fcomments&post=71"}],"version-history":[{"count":8,"href":"https:\/\/abencerrajes.com\/index.php?rest_route=\/wp\/v2\/pages\/71\/revisions"}],"predecessor-version":[{"id":1194,"href":"https:\/\/abencerrajes.com\/index.php?rest_route=\/wp\/v2\/pages\/71\/revisions\/1194"}],"wp:attachment":[{"href":"https:\/\/abencerrajes.com\/index.php?rest_route=%2Fwp%2Fv2%2Fmedia&parent=71"}],"curies":[{"name":"wp","href":"https:\/\/api.w.org\/{rel}","templated":true}]}}