{"id":558,"date":"2017-05-15T17:47:49","date_gmt":"2017-05-15T17:47:49","guid":{"rendered":"http:\/\/abencerrajes.com\/?page_id=558"},"modified":"2025-08-22T06:31:41","modified_gmt":"2025-08-22T06:31:41","slug":"cargos-historicos","status":"publish","type":"page","link":"https:\/\/abencerrajes.com\/?page_id=558","title":{"rendered":"Cargos Hist\u00f3ricos"},"content":{"rendered":"<h3><img loading=\"lazy\" class=\"aligncenter size-full wp-image-31\" src=\"https:\/\/abencerrajes.com\/wp-content\/uploads\/2017\/05\/ABENCERRAJES-195x300-e1494497790359.png\" alt=\"\" width=\"100\" height=\"154\" \/><\/h3>\n<p><span style=\"color: #262626;\"><span style=\"font-family: Georgia, serif;\"><span style=\"font-size: large;\"><b>CARGOS HIST\u00d3RICOS\u2028 <\/b><\/span><\/span><\/span><\/p>\n<p><span style=\"color: #262626;\"><span style=\"font-family: Georgia, serif;\"><span style=\"font-size: large;\"><b>ALFEREC\u00cdAS<\/b><\/span><\/span><\/span><\/p>\n<p><span style=\"color: #262626;\"><span style=\"font-family: Georgia, serif;\"><span style=\"font-size: large;\"><b>\u2028<\/b><\/span><\/span><\/span><span style=\"color: #262626;\"><span style=\"font-family: Georgia, serif;\"><span style=\"font-size: large;\">Alf\u00e9rez 1910. Jos\u00e9 Sanz Herrero.<\/span><\/span><\/span><\/p>\n<p><img loading=\"lazy\" class=\"aligncenter size-full wp-image-560\" src=\"https:\/\/abencerrajes.com\/wp-content\/uploads\/2017\/05\/1910-1.jpg\" alt=\"\" width=\"336\" height=\"448\" srcset=\"https:\/\/abencerrajes.com\/wp-content\/uploads\/2017\/05\/1910-1.jpg 336w, https:\/\/abencerrajes.com\/wp-content\/uploads\/2017\/05\/1910-1-225x300.jpg 225w\" sizes=\"(max-width: 336px) 100vw, 336px\" \/><\/p>\n<p><span style=\"color: #262626;\"><span style=\"font-family: Georgia, serif;\"><span style=\"font-size: large;\">Alf\u00e9rez 1922. Isidro Molt\u00f3 Ortiz.<\/span><\/span><\/span><\/p>\n<p><img loading=\"lazy\" class=\"aligncenter size-full wp-image-562\" src=\"https:\/\/abencerrajes.com\/wp-content\/uploads\/2017\/05\/1922-1.jpg\" alt=\"\" width=\"314\" height=\"447\" srcset=\"https:\/\/abencerrajes.com\/wp-content\/uploads\/2017\/05\/1922-1.jpg 314w, https:\/\/abencerrajes.com\/wp-content\/uploads\/2017\/05\/1922-1-211x300.jpg 211w\" sizes=\"(max-width: 314px) 100vw, 314px\" \/><\/p>\n<p><span style=\"color: #262626;\"><span style=\"font-family: Georgia, serif;\"><span style=\"font-size: large;\">Alf\u00e9rez 1941. Francisco P\u00e9rez Torres.<\/span><\/span><\/span><\/p>\n<p><img loading=\"lazy\" class=\"aligncenter size-full wp-image-564\" src=\"https:\/\/abencerrajes.com\/wp-content\/uploads\/2017\/05\/1941-1.jpg\" alt=\"\" width=\"281\" height=\"400\" srcset=\"https:\/\/abencerrajes.com\/wp-content\/uploads\/2017\/05\/1941-1.jpg 281w, https:\/\/abencerrajes.com\/wp-content\/uploads\/2017\/05\/1941-1-211x300.jpg 211w\" sizes=\"(max-width: 281px) 100vw, 281px\" \/><\/p>\n<p><span style=\"color: #262626;\"><span style=\"font-family: Georgia, serif;\"><span style=\"font-size: large;\">Alf\u00e9rez 1954. Jos\u00e9 Pay\u00e1 P\u00e9rez.<\/span><\/span><\/span><\/p>\n<p><img loading=\"lazy\" class=\"aligncenter size-full wp-image-567\" src=\"https:\/\/abencerrajes.com\/wp-content\/uploads\/2017\/05\/1954-e1446546427932.jpg\" alt=\"\" width=\"300\" height=\"399\" srcset=\"https:\/\/abencerrajes.com\/wp-content\/uploads\/2017\/05\/1954-e1446546427932.jpg 300w, https:\/\/abencerrajes.com\/wp-content\/uploads\/2017\/05\/1954-e1446546427932-226x300.jpg 226w\" sizes=\"(max-width: 300px) 100vw, 300px\" \/><\/p>\n<p><span style=\"color: #262626;\"><span style=\"font-family: Georgia, serif;\"><span style=\"font-size: large;\">Alf\u00e9rez 1967. Jos\u00e9 Sanz Llopis.<\/span><\/span><\/span><\/p>\n<p><img loading=\"lazy\" class=\"aligncenter size-full wp-image-570\" src=\"https:\/\/abencerrajes.com\/wp-content\/uploads\/2017\/05\/1967-1.jpg\" alt=\"\" width=\"236\" height=\"400\" srcset=\"https:\/\/abencerrajes.com\/wp-content\/uploads\/2017\/05\/1967-1.jpg 236w, https:\/\/abencerrajes.com\/wp-content\/uploads\/2017\/05\/1967-1-177x300.jpg 177w\" sizes=\"(max-width: 236px) 100vw, 236px\" \/><\/p>\n<p><span style=\"color: #262626;\"><span style=\"font-family: Georgia, serif;\"><span style=\"font-size: large;\">Alf\u00e9rez 1980. Luis Mataix Ara\u00f1\u00f3.<\/span><\/span><\/span><\/p>\n<p><img loading=\"lazy\" class=\"aligncenter size-full wp-image-573\" src=\"https:\/\/abencerrajes.com\/wp-content\/uploads\/2017\/05\/1980-1.jpg\" alt=\"\" width=\"335\" height=\"492\" srcset=\"https:\/\/abencerrajes.com\/wp-content\/uploads\/2017\/05\/1980-1.jpg 335w, https:\/\/abencerrajes.com\/wp-content\/uploads\/2017\/05\/1980-1-204x300.jpg 204w\" sizes=\"(max-width: 335px) 100vw, 335px\" \/><\/p>\n<p><span style=\"color: #262626;\"><span style=\"font-family: Georgia, serif;\"><span style=\"font-size: large;\">Alf\u00e9rez 1994. Francisco Pay\u00e1 Mart\u00ed.<\/span><\/span><\/span><\/p>\n<p><img loading=\"lazy\" class=\"aligncenter size-full wp-image-576\" src=\"https:\/\/abencerrajes.com\/wp-content\/uploads\/2017\/05\/1994-1.jpg\" alt=\"\" width=\"217\" height=\"400\" srcset=\"https:\/\/abencerrajes.com\/wp-content\/uploads\/2017\/05\/1994-1.jpg 217w, https:\/\/abencerrajes.com\/wp-content\/uploads\/2017\/05\/1994-1-163x300.jpg 163w\" sizes=\"(max-width: 217px) 100vw, 217px\" \/><\/p>\n<p><span style=\"color: #262626;\"><span style=\"font-family: Georgia, serif;\"><span style=\"font-size: large;\">Alf\u00e9rez 2008. Jos\u00e9 Vicente Juan P\u00e9rez.<\/span><\/span><\/span><\/p>\n<p><img loading=\"lazy\" class=\"aligncenter size-full wp-image-579\" src=\"https:\/\/abencerrajes.com\/wp-content\/uploads\/2017\/05\/2008-1.jpg\" alt=\"\" width=\"262\" height=\"448\" srcset=\"https:\/\/abencerrajes.com\/wp-content\/uploads\/2017\/05\/2008-1.jpg 262w, https:\/\/abencerrajes.com\/wp-content\/uploads\/2017\/05\/2008-1-175x300.jpg 175w\" sizes=\"(max-width: 262px) 100vw, 262px\" \/><\/p>\n<p><span style=\"color: #262626;\"><span style=\"font-family: Georgia, serif;\"><span style=\"font-size: large;\"><b>CAPITAN\u00cdAS\u2028<\/b><\/span><\/span><\/span><\/p>\n<p><span style=\"color: #262626;\"><span style=\"font-family: Georgia, serif;\"><span style=\"font-size: large;\">Capitan 1911. Enrique Solbes Garc\u00eda.<\/span><\/span><\/span><\/p>\n<p><img loading=\"lazy\" class=\"aligncenter size-full wp-image-561\" src=\"https:\/\/abencerrajes.com\/wp-content\/uploads\/2017\/05\/1911-1.jpg\" alt=\"\" width=\"342\" height=\"596\" srcset=\"https:\/\/abencerrajes.com\/wp-content\/uploads\/2017\/05\/1911-1.jpg 342w, https:\/\/abencerrajes.com\/wp-content\/uploads\/2017\/05\/1911-1-172x300.jpg 172w\" sizes=\"(max-width: 342px) 100vw, 342px\" \/><\/p>\n<p><span style=\"color: #262626;\"><span style=\"font-family: Georgia, serif;\"><span style=\"font-size: large;\">Capitan1923. Jos\u00e9 Sanz Herrero \u2013 Francisco Satorre Miralles \u2013 Sime\u00f3n Pastor Esp\u00ed \u2013 Agust\u00edn Colomer Tom\u00e1s \u2013 Federico Molt\u00f3 Ortiz \u2013 Rafael Pascual Aznar.<\/span><\/span><\/span><\/p>\n<p><img loading=\"lazy\" class=\"aligncenter size-full wp-image-563\" src=\"https:\/\/abencerrajes.com\/wp-content\/uploads\/2017\/05\/1923-1.jpg\" alt=\"\" width=\"345\" height=\"472\" srcset=\"https:\/\/abencerrajes.com\/wp-content\/uploads\/2017\/05\/1923-1.jpg 345w, https:\/\/abencerrajes.com\/wp-content\/uploads\/2017\/05\/1923-1-219x300.jpg 219w\" sizes=\"(max-width: 345px) 100vw, 345px\" \/><\/p>\n<p><span style=\"color: #262626;\"><span style=\"font-family: Georgia, serif;\"><span style=\"font-size: large;\">Capitan 1942. Francisco P\u00e9rez Torres.<\/span><\/span><\/span><\/p>\n<p><img loading=\"lazy\" class=\"aligncenter size-full wp-image-566\" src=\"https:\/\/abencerrajes.com\/wp-content\/uploads\/2017\/05\/1942-1.jpg\" alt=\"\" width=\"336\" height=\"448\" srcset=\"https:\/\/abencerrajes.com\/wp-content\/uploads\/2017\/05\/1942-1.jpg 336w, https:\/\/abencerrajes.com\/wp-content\/uploads\/2017\/05\/1942-1-225x300.jpg 225w\" sizes=\"(max-width: 336px) 100vw, 336px\" \/><\/p>\n<p><span style=\"color: #262626;\"><span style=\"font-family: Georgia, serif;\"><span style=\"font-size: large;\">Capitan 1955. Francisco Satorre Miralles.<\/span><\/span><\/span><\/p>\n<p><img loading=\"lazy\" class=\"aligncenter size-full wp-image-568\" src=\"https:\/\/abencerrajes.com\/wp-content\/uploads\/2017\/05\/1955-1.jpg\" alt=\"\" width=\"336\" height=\"448\" srcset=\"https:\/\/abencerrajes.com\/wp-content\/uploads\/2017\/05\/1955-1.jpg 336w, https:\/\/abencerrajes.com\/wp-content\/uploads\/2017\/05\/1955-1-225x300.jpg 225w\" sizes=\"(max-width: 336px) 100vw, 336px\" \/><\/p>\n<p><span style=\"color: #262626;\"><span style=\"font-family: Georgia, serif;\"><span style=\"font-size: large;\">Capitan 1968. Jorge Mira Rovira.<\/span><\/span><\/span><\/p>\n<p><img loading=\"lazy\" class=\"aligncenter size-full wp-image-572\" src=\"https:\/\/abencerrajes.com\/wp-content\/uploads\/2017\/05\/1968-1.jpg\" alt=\"\" width=\"274\" height=\"400\" srcset=\"https:\/\/abencerrajes.com\/wp-content\/uploads\/2017\/05\/1968-1.jpg 274w, https:\/\/abencerrajes.com\/wp-content\/uploads\/2017\/05\/1968-1-206x300.jpg 206w\" sizes=\"(max-width: 274px) 100vw, 274px\" \/><\/p>\n<p><span style=\"color: #262626;\"><span style=\"font-family: Georgia, serif;\"><span style=\"font-size: large;\">Capitan 1981. Gonzalo Matarredona Llopis.<\/span><\/span><\/span><\/p>\n<p><img loading=\"lazy\" class=\"aligncenter size-full wp-image-574\" src=\"https:\/\/abencerrajes.com\/wp-content\/uploads\/2017\/05\/1981-1.jpg\" alt=\"\" width=\"276\" height=\"400\" srcset=\"https:\/\/abencerrajes.com\/wp-content\/uploads\/2017\/05\/1981-1.jpg 276w, https:\/\/abencerrajes.com\/wp-content\/uploads\/2017\/05\/1981-1-207x300.jpg 207w\" sizes=\"(max-width: 276px) 100vw, 276px\" \/><\/p>\n<p><span style=\"color: #262626;\"><span style=\"font-family: Georgia, serif;\"><span style=\"font-size: large;\">Capitan 1995. Santiago Guillem Mataix.<\/span><\/span><\/span><\/p>\n<p><img loading=\"lazy\" class=\"aligncenter size-full wp-image-578\" src=\"https:\/\/abencerrajes.com\/wp-content\/uploads\/2017\/05\/1995-1.jpg\" alt=\"\" width=\"248\" height=\"400\" srcset=\"https:\/\/abencerrajes.com\/wp-content\/uploads\/2017\/05\/1995-1.jpg 248w, https:\/\/abencerrajes.com\/wp-content\/uploads\/2017\/05\/1995-1-186x300.jpg 186w\" sizes=\"(max-width: 248px) 100vw, 248px\" \/><\/p>\n<p><span style=\"color: #262626;\"><span style=\"font-family: Georgia, serif;\"><span style=\"font-size: large;\">Capitan 2009. Antonio Jorge Guillem Pic\u00f3.<\/span><\/span><\/span><\/p>\n<p><img loading=\"lazy\" class=\"aligncenter size-full wp-image-581\" src=\"https:\/\/abencerrajes.com\/wp-content\/uploads\/2017\/05\/foto040-e1446546519746.jpg\" alt=\"\" width=\"350\" height=\"527\" srcset=\"https:\/\/abencerrajes.com\/wp-content\/uploads\/2017\/05\/foto040-e1446546519746.jpg 350w, https:\/\/abencerrajes.com\/wp-content\/uploads\/2017\/05\/foto040-e1446546519746-199x300.jpg 199w\" sizes=\"(max-width: 350px) 100vw, 350px\" \/><\/p>\n<p><strong>Alf\u00e9rez 2024. Francisco Cano Arjona<\/strong> <img loading=\"lazy\" class=\"aligncenter wp-image-1199\" title=\"Alferez 2024. Francisco Cano Arjona\u00a0\" src=\"https:\/\/abencerrajes.com\/wp-content\/uploads\/2025\/08\/Imagen-de-WhatsApp-2025-08-22-a-las-08.22.37_a2064c49.jpg\" alt=\"\" width=\"341\" height=\"455\" srcset=\"https:\/\/abencerrajes.com\/wp-content\/uploads\/2025\/08\/Imagen-de-WhatsApp-2025-08-22-a-las-08.22.37_a2064c49.jpg 1200w, https:\/\/abencerrajes.com\/wp-content\/uploads\/2025\/08\/Imagen-de-WhatsApp-2025-08-22-a-las-08.22.37_a2064c49-225x300.jpg 225w, https:\/\/abencerrajes.com\/wp-content\/uploads\/2025\/08\/Imagen-de-WhatsApp-2025-08-22-a-las-08.22.37_a2064c49-768x1024.jpg 768w, https:\/\/abencerrajes.com\/wp-content\/uploads\/2025\/08\/Imagen-de-WhatsApp-2025-08-22-a-las-08.22.37_a2064c49-1152x1536.jpg 1152w\" sizes=\"(max-width: 341px) 100vw, 341px\" \/><\/p>\n<p style=\"text-align: left;\"><strong>Capit\u00e1n 2025.Indalecio Carbonell Pastor.<\/strong><br \/>\n<img loading=\"lazy\" class=\"aligncenter wp-image-1200\" src=\"https:\/\/abencerrajes.com\/wp-content\/uploads\/2025\/08\/Imagen-de-WhatsApp-2025-08-22-a-las-08.24.07_7424938f.jpg\" alt=\"\" width=\"341\" height=\"439\" srcset=\"https:\/\/abencerrajes.com\/wp-content\/uploads\/2025\/08\/Imagen-de-WhatsApp-2025-08-22-a-las-08.24.07_7424938f.jpg 1134w, https:\/\/abencerrajes.com\/wp-content\/uploads\/2025\/08\/Imagen-de-WhatsApp-2025-08-22-a-las-08.24.07_7424938f-233x300.jpg 233w, https:\/\/abencerrajes.com\/wp-content\/uploads\/2025\/08\/Imagen-de-WhatsApp-2025-08-22-a-las-08.24.07_7424938f-796x1024.jpg 796w, https:\/\/abencerrajes.com\/wp-content\/uploads\/2025\/08\/Imagen-de-WhatsApp-2025-08-22-a-las-08.24.07_7424938f-768x988.jpg 768w\" sizes=\"(max-width: 341px) 100vw, 341px\" \/><\/p>\n<p><span style=\"color: #000080;\"><span lang=\"zxx\"><u><a href=\"https:\/\/www.abencerrajes.com\/wp-content\/uploads\/2013\/06\/foto040.jpg\"><span style=\"color: #094ec0;\"><span style=\"font-family: Georgia, serif;\"><span style=\"font-size: large;\"><br \/>\n<\/span><\/span><\/span><\/a><\/u><\/span><\/span><span style=\"color: #262626;\"><span style=\"font-family: Georgia, serif;\"><span style=\"font-size: large;\"><b>SANT JORDIETS<\/b><\/span><\/span><\/span><\/p>\n<p><span style=\"color: #262626;\"><span style=\"font-family: Georgia, serif;\"><span style=\"font-size: large;\">Sant Jordiet 1941.\u00a0Jaime Silvestre P\u00e9rez.<\/span><\/span><\/span><\/p>\n<p><img loading=\"lazy\" class=\"aligncenter size-full wp-image-565\" src=\"https:\/\/abencerrajes.com\/wp-content\/uploads\/2017\/05\/1941b-e1446546539488.jpg\" alt=\"\" width=\"350\" height=\"520\" srcset=\"https:\/\/abencerrajes.com\/wp-content\/uploads\/2017\/05\/1941b-e1446546539488.jpg 350w, https:\/\/abencerrajes.com\/wp-content\/uploads\/2017\/05\/1941b-e1446546539488-202x300.jpg 202w\" sizes=\"(max-width: 350px) 100vw, 350px\" \/><\/p>\n<p><span style=\"color: #262626;\"><span style=\"font-family: Georgia, serif;\"><span style=\"font-size: large;\">Sant Jordiet 1963.\u00a0Francisco Gisbert Gos\u00e1lbez.<\/span><\/span><\/span><\/p>\n<p><img loading=\"lazy\" class=\"aligncenter size-full wp-image-569\" src=\"https:\/\/abencerrajes.com\/wp-content\/uploads\/2017\/05\/1963-1.jpg\" alt=\"\" width=\"324\" height=\"450\" srcset=\"https:\/\/abencerrajes.com\/wp-content\/uploads\/2017\/05\/1963-1.jpg 324w, https:\/\/abencerrajes.com\/wp-content\/uploads\/2017\/05\/1963-1-216x300.jpg 216w\" sizes=\"(max-width: 324px) 100vw, 324px\" \/><\/p>\n<p><span style=\"color: #262626;\"><span style=\"font-family: Georgia, serif;\"><span style=\"font-size: large;\">Sant Jordiet 1967.\u00a0Guillermo Berenguer Jord\u00e1.<\/span><\/span><\/span><\/p>\n<p><img loading=\"lazy\" class=\"aligncenter size-full wp-image-571\" src=\"https:\/\/abencerrajes.com\/wp-content\/uploads\/2017\/05\/1967b-1.jpg\" alt=\"\" width=\"295\" height=\"450\" srcset=\"https:\/\/abencerrajes.com\/wp-content\/uploads\/2017\/05\/1967b-1.jpg 295w, https:\/\/abencerrajes.com\/wp-content\/uploads\/2017\/05\/1967b-1-197x300.jpg 197w\" sizes=\"(max-width: 295px) 100vw, 295px\" \/><\/p>\n<p><span style=\"color: #262626;\"><span style=\"font-family: Georgia, serif;\"><span style=\"font-size: large;\">Sant\u00a0Jordiet 1994.\u00a0Jorge Balaguer Catal\u00e0.<\/span><\/span><\/span><\/p>\n<p><img loading=\"lazy\" class=\"aligncenter size-full wp-image-577\" src=\"https:\/\/abencerrajes.com\/wp-content\/uploads\/2017\/05\/1994b-1.jpg\" alt=\"\" width=\"308\" height=\"432\" srcset=\"https:\/\/abencerrajes.com\/wp-content\/uploads\/2017\/05\/1994b-1.jpg 308w, https:\/\/abencerrajes.com\/wp-content\/uploads\/2017\/05\/1994b-1-214x300.jpg 214w\" sizes=\"(max-width: 308px) 100vw, 308px\" \/><\/p>\n<p><span style=\"color: #262626;\"><span style=\"font-family: Georgia, serif;\"><span style=\"font-size: large;\"><b>CABALGATA DE REYES<\/b><\/span><\/span><\/span><\/p>\n<p><span style=\"color: #262626;\"><span style=\"font-family: Georgia, serif;\"><span style=\"font-size: large;\">1990 Rey Melchor. Francisco Blanes Gisbert.<\/span><\/span><\/span><\/p>\n<p><span style=\"color: #262626;\"><span style=\"font-family: Georgia, serif;\"><span style=\"font-size: large;\">2015 Rey Baltasar. Mauro Solbes Ferri.<\/span><\/span><\/span><\/p>\n<p><img loading=\"lazy\" class=\"aligncenter wp-image-580\" src=\"https:\/\/abencerrajes.com\/wp-content\/uploads\/2017\/05\/DSC_8327-742x1024-742x1024.jpg\" alt=\"\" width=\"362\" height=\"500\" srcset=\"https:\/\/abencerrajes.com\/wp-content\/uploads\/2017\/05\/DSC_8327-742x1024.jpg 742w, https:\/\/abencerrajes.com\/wp-content\/uploads\/2017\/05\/DSC_8327-742x1024-217x300.jpg 217w\" sizes=\"(max-width: 362px) 100vw, 362px\" \/><\/p>\n<p><span style=\"color: #000080;\"><span lang=\"zxx\"><u><a href=\"https:\/\/www.abencerrajes.com\/wp-content\/uploads\/2013\/06\/DSC_8327.jpg\"><span style=\"color: #094ec0;\"><span style=\"font-family: Georgia, serif;\"><span style=\"font-size: large;\">\u00a0<\/span><\/span><\/span><\/a><\/u><\/span><\/span><\/p>\n","protected":false},"excerpt":{"rendered":"<p>CARGOS HIST\u00d3RICOS\u2028 ALFEREC\u00cdAS \u2028Alf\u00e9rez 1910. Jos\u00e9 Sanz Herrero. Alf\u00e9rez 1922. Isidro Molt\u00f3 Ortiz. Alf\u00e9rez 1941. Francisco P\u00e9rez Torres. Alf\u00e9rez 1954. Jos\u00e9 Pay\u00e1 P\u00e9rez. Alf\u00e9rez 1967. Jos\u00e9 Sanz Llopis. Alf\u00e9rez 1980. Luis Mataix Ara\u00f1\u00f3. Alf\u00e9rez 1994. Francisco Pay\u00e1 Mart\u00ed. Alf\u00e9rez 2008. Jos\u00e9 Vicente Juan P\u00e9rez. CAPITAN\u00cdAS\u2028 Capitan 1911. Enrique Solbes Garc\u00eda. Capitan1923. Jos\u00e9 Sanz Herrero \u2013&hellip; <a class=\"read-more-link\" href=\"https:\/\/abencerrajes.com\/?page_id=558\">Leer M\u00e1s<\/a><\/p>\n","protected":false},"author":1,"featured_media":0,"parent":0,"menu_order":0,"comment_status":"closed","ping_status":"closed","template":"","meta":{"_exactmetrics_skip_tracking":false,"_exactmetrics_sitenote_active":false,"_exactmetrics_sitenote_note":"","_exactmetrics_sitenote_category":0,"jetpack_post_was_ever_published":false},"jetpack_sharing_enabled":true,"jetpack_shortlink":"https:\/\/wp.me\/P8IL24-90","_links":{"self":[{"href":"https:\/\/abencerrajes.com\/index.php?rest_route=\/wp\/v2\/pages\/558"}],"collection":[{"href":"https:\/\/abencerrajes.com\/index.php?rest_route=\/wp\/v2\/pages"}],"about":[{"href":"https:\/\/abencerrajes.com\/index.php?rest_route=\/wp\/v2\/types\/page"}],"author":[{"embeddable":true,"href":"https:\/\/abencerrajes.com\/index.php?rest_route=\/wp\/v2\/users\/1"}],"replies":[{"embeddable":true,"href":"https:\/\/abencerrajes.com\/index.php?rest_route=%2Fwp%2Fv2%2Fcomments&post=558"}],"version-history":[{"count":5,"href":"https:\/\/abencerrajes.com\/index.php?rest_route=\/wp\/v2\/pages\/558\/revisions"}],"predecessor-version":[{"id":1202,"href":"https:\/\/abencerrajes.com\/index.php?rest_route=\/wp\/v2\/pages\/558\/revisions\/1202"}],"wp:attachment":[{"href":"https:\/\/abencerrajes.com\/index.php?rest_route=%2Fwp%2Fv2%2Fmedia&parent=558"}],"curies":[{"name":"wp","href":"https:\/\/api.w.org\/{rel}","templated":true}]}}