{"id":170,"date":"2017-05-11T12:54:02","date_gmt":"2017-05-11T12:54:02","guid":{"rendered":"http:\/\/abencerrajes.com\/?page_id=170"},"modified":"2017-11-17T18:08:31","modified_gmt":"2017-11-17T18:08:31","slug":"sargentos-y-glorieros","status":"publish","type":"page","link":"https:\/\/abencerrajes.com\/?page_id=170","title":{"rendered":"Sargentos y Glorieros"},"content":{"rendered":"<h3><img loading=\"lazy\" class=\"aligncenter size-full wp-image-31\" src=\"https:\/\/abencerrajes.com\/wp-content\/uploads\/2017\/05\/ABENCERRAJES-195x300-e1494497790359.png\" alt=\"\" width=\"100\" height=\"154\" \/><\/h3>\n<h4 style=\"text-align: center;\">1999-2002 SARGENTO MORO<\/h4>\n<p style=\"text-align: center;\">Jacobo Casabuena Murcia.<\/p>\n<p style=\"text-align: center;\"><img loading=\"lazy\" class=\"aligncenter size-full wp-image-559\" src=\"https:\/\/abencerrajes.com\/wp-content\/uploads\/2017\/05\/99-02.jpg\" alt=\"\" width=\"600\" height=\"412\" srcset=\"https:\/\/abencerrajes.com\/wp-content\/uploads\/2017\/05\/99-02.jpg 600w, https:\/\/abencerrajes.com\/wp-content\/uploads\/2017\/05\/99-02-300x206.jpg 300w\" sizes=\"(max-width: 600px) 100vw, 600px\" \/><\/p>\n<h4 style=\"text-align: center;\">1986-88 SARGENTO GLORIA INFANTIL<\/h4>\n<p style=\"text-align: center;\">Jorge Manuel Sempere Gos\u00e1lbez.<\/p>\n<p style=\"text-align: center;\"><img loading=\"lazy\" class=\"aligncenter size-full wp-image-575\" src=\"https:\/\/abencerrajes.com\/wp-content\/uploads\/2017\/05\/1986-1988.jpg\" alt=\"\" width=\"276\" height=\"400\" srcset=\"https:\/\/abencerrajes.com\/wp-content\/uploads\/2017\/05\/1986-1988.jpg 276w, https:\/\/abencerrajes.com\/wp-content\/uploads\/2017\/05\/1986-1988-207x300.jpg 207w\" sizes=\"(max-width: 276px) 100vw, 276px\" \/><\/p>\n<h4 style=\"text-align: center;\">1976 GLORIA CENTENARIA<\/h4>\n<p style=\"text-align: center;\">Jos\u00e9 Botella Vilaplana.<\/p>\n<h4 style=\"text-align: center;\">1976 GLORIA CENTENARIA \u2013 FILA VIZCA\u00cdNOS<\/h4>\n<p style=\"text-align: center;\">Francisco Blanes Gisbert.<\/p>\n<h4 style=\"text-align: center;\">2006 GLORIA HIST\u00d3RICA \u2013 CABALLER\u00cdA DE CAZADORES<\/h4>\n<p style=\"text-align: center;\">Juan Bosco Valor Climent.<\/p>\n<hr \/>\n<h4 style=\"text-align: center;\">GLORIEROS OFICIALES<\/h4>\n<div class=\"col-md-4\">\n<p style=\"text-align: center;\">1904 Santiago L\u00f3pez Satorre.<\/p>\n<p style=\"text-align: center;\">1956 Rafael Bou Aparicio.<\/p>\n<p style=\"text-align: center;\">1960 Camilo Albors Cant\u00f3.<\/p>\n<p style=\"text-align: center;\">1961 Julio Berenguer Barcel\u00f3.<\/p>\n<p style=\"text-align: center;\">1963 Joaqu\u00edn Mart\u00ed Borr\u00e1s.<\/p>\n<p style=\"text-align: center;\">1965 Jordi Botella Mir\u00f3.<\/p>\n<p style=\"text-align: center;\">1966 Antonio P\u00e9rez Climent.<\/p>\n<p style=\"text-align: center;\">1967 Andr\u00e9s Catal\u00e1 Barcel\u00f3.<\/p>\n<p style=\"text-align: center;\">1968 Jos\u00e9 Sanz Llopis.<\/p>\n<p style=\"text-align: center;\">1969 Rafael Rom\u00e1 Ripoll.<\/p>\n<p style=\"text-align: center;\">1970 Julio Berenguer Barcel\u00f3.<\/p>\n<p style=\"text-align: center;\">1971 Jorge Mira Esteban.<\/p>\n<p style=\"text-align: center;\">1972 Ignacio Albal\u00e1 Rodr\u00edguez.<\/p>\n<p style=\"text-align: center;\">1973 Juan Sirvent Brotons.<\/p>\n<p style=\"text-align: center;\">1974 Camilo Albors Cant\u00f3.<\/p>\n<p style=\"text-align: center;\">1975 Carlos Company Munt\u00f3.<\/p>\n<p style=\"text-align: center;\">1976 Francisco Pay\u00e1 Mart\u00ed.<\/p>\n<p style=\"text-align: center;\">1977 Jos\u00e9 Sempere Carbonell.<\/p>\n<p style=\"text-align: center;\">1978 Alejandro Jim\u00e9nez Boronat.<\/p>\n<p style=\"text-align: center;\">1979 Indalecio Carbonell Pastor.<\/p>\n<\/div>\n<div class=\"col-md-4\">\n<p style=\"text-align: center;\">1980 Salvador Esteban Esteban.<\/p>\n<p style=\"text-align: center;\">1981 Gonzalo Matarredona Llopis \/ Jos\u00e9 Botella.<\/p>\n<p style=\"text-align: center;\">1982 Lu\u00eds Sainz Radu\u00e1n.<\/p>\n<p style=\"text-align: center;\">1983 Alberto P\u00e9rez Pascual.<\/p>\n<p style=\"text-align: center;\">1984 German Gisbert Mullor.<\/p>\n<p style=\"text-align: center;\">1985 Enrique Bardisa Catal\u00e1.<\/p>\n<p style=\"text-align: center;\">1986 Rafael Molt\u00f3 Llorens.<\/p>\n<p style=\"text-align: center;\">1987 Enrique Garc\u00eda Abad.<\/p>\n<p style=\"text-align: center;\">1988 Jordi Botella Mir\u00f3.<\/p>\n<p style=\"text-align: center;\">1989 Vicente Carbonell Pastor.<\/p>\n<p style=\"text-align: center;\">1990 Joseo P\u00e9rez Tom\u00e0s.<\/p>\n<p style=\"text-align: center;\">1991 Julio Cornelio Richart Mart\u00ednez.<\/p>\n<p style=\"text-align: center;\">1992 Vicente Corb\u00ed Soler.<\/p>\n<p style=\"text-align: center;\">1993 Javier Garc\u00eda Gisbert.<\/p>\n<p style=\"text-align: center;\">1994 Enrique Rodes Pay\u00e1.<\/p>\n<p style=\"text-align: center;\">1995 Paco Pay\u00e1 Mart\u00ed \/ Santiago Guillem Mataix.<\/p>\n<p style=\"text-align: center;\">1996 Juan Bosco Valor Vicent.<\/p>\n<p style=\"text-align: center;\">1997 Pablo Marcos Sancho.<\/p>\n<\/div>\n<div class=\"col-md-4\">\n<p style=\"text-align: center;\">1998 Alfonso Carbonell Gisbert.<\/p>\n<p style=\"text-align: center;\">1999 Rafael Andr\u00e9s Cortell.<\/p>\n<p style=\"text-align: center;\">2000 Jorge Jord\u00e1 Pay\u00e1.<\/p>\n<p style=\"text-align: center;\">2001 Gabriel Rom\u00e0 Ferre.<\/p>\n<p style=\"text-align: center;\">2002 Jos\u00e9 Casabuena P\u00e9rez.<\/p>\n<p style=\"text-align: center;\">2003 Jos\u00e9 Botella \u2013 Rafael Rom\u00e0 \u2013 Jordi Botella.<\/p>\n<p style=\"text-align: center;\">2004 Eduardo Catalina Agull\u00f3.<\/p>\n<p style=\"text-align: center;\">2005 Indalecio Carbonell Pastor.<\/p>\n<p style=\"text-align: center;\">2006 Antonio Sirvent Mira.<\/p>\n<p style=\"text-align: center;\">2007 Jordi Valor Valor.<\/p>\n<p style=\"text-align: center;\">2008 Miguel Pascual Boixader.<\/p>\n<p style=\"text-align: center;\">2009 Francisco Blanes Gisbert.<\/p>\n<p style=\"text-align: center;\">2010 Jorge Ll\u00e1cer Gisbert.<\/p>\n<p style=\"text-align: center;\">2011 Estanislao Casabuena Murcia.<\/p>\n<p style=\"text-align: center;\">2012 Pablo Pay\u00e1 Guillem.<\/p>\n<p style=\"text-align: center;\">2013 Tob\u00edas Pl\u00e1 Ferrando.<\/p>\n<p style=\"text-align: center;\">2014 Jos\u00e9 Sanz Ferr\u00e1ndiz.<\/p>\n<p style=\"text-align: center;\">2015 Juan Sirvent Mira.<\/p>\n<\/div>\n","protected":false},"excerpt":{"rendered":"<p>1999-2002 SARGENTO MORO Jacobo Casabuena Murcia. 1986-88 SARGENTO GLORIA INFANTIL Jorge Manuel Sempere Gos\u00e1lbez. 1976 GLORIA CENTENARIA Jos\u00e9 Botella Vilaplana. 1976 GLORIA CENTENARIA \u2013 FILA VIZCA\u00cdNOS Francisco Blanes Gisbert. 2006 GLORIA HIST\u00d3RICA \u2013 CABALLER\u00cdA DE CAZADORES Juan Bosco Valor Climent. GLORIEROS OFICIALES 1904 Santiago L\u00f3pez Satorre. 1956 Rafael Bou Aparicio. 1960 Camilo Albors Cant\u00f3. 1961&hellip; <a class=\"read-more-link\" href=\"https:\/\/abencerrajes.com\/?page_id=170\">Leer M\u00e1s<\/a><\/p>\n","protected":false},"author":1,"featured_media":0,"parent":0,"menu_order":0,"comment_status":"closed","ping_status":"closed","template":"","meta":{"_exactmetrics_skip_tracking":false,"_exactmetrics_sitenote_active":false,"_exactmetrics_sitenote_note":"","_exactmetrics_sitenote_category":0,"jetpack_post_was_ever_published":false},"jetpack_sharing_enabled":true,"jetpack_shortlink":"https:\/\/wp.me\/P8IL24-2K","_links":{"self":[{"href":"https:\/\/abencerrajes.com\/index.php?rest_route=\/wp\/v2\/pages\/170"}],"collection":[{"href":"https:\/\/abencerrajes.com\/index.php?rest_route=\/wp\/v2\/pages"}],"about":[{"href":"https:\/\/abencerrajes.com\/index.php?rest_route=\/wp\/v2\/types\/page"}],"author":[{"embeddable":true,"href":"https:\/\/abencerrajes.com\/index.php?rest_route=\/wp\/v2\/users\/1"}],"replies":[{"embeddable":true,"href":"https:\/\/abencerrajes.com\/index.php?rest_route=%2Fwp%2Fv2%2Fcomments&post=170"}],"version-history":[{"count":11,"href":"https:\/\/abencerrajes.com\/index.php?rest_route=\/wp\/v2\/pages\/170\/revisions"}],"predecessor-version":[{"id":624,"href":"https:\/\/abencerrajes.com\/index.php?rest_route=\/wp\/v2\/pages\/170\/revisions\/624"}],"wp:attachment":[{"href":"https:\/\/abencerrajes.com\/index.php?rest_route=%2Fwp%2Fv2%2Fmedia&parent=170"}],"curies":[{"name":"wp","href":"https:\/\/api.w.org\/{rel}","templated":true}]}}